{"id":291,"date":"2020-03-11T12:20:26","date_gmt":"2020-03-11T12:20:26","guid":{"rendered":"https:\/\/balancindeblancos.com\/?page_id=291"},"modified":"2020-03-13T10:29:32","modified_gmt":"2020-03-13T10:29:32","slug":"15m","status":"publish","type":"page","link":"https:\/\/balancindeblancos.com\/index.php\/15m\/","title":{"rendered":"15M"},"content":{"rendered":"\n<hr class=\"wp-block-separator\"\/>\n\n\n\n<blockquote class=\"wp-block-quote is-layout-flow wp-block-quote-is-layout-flow\"><p>Creo que otro mundo es posible. Quiero que gire en otro sentido. <\/p><p>Pero primero hay que frenar esta inercia autodestructiva que arrastra y ciega nuestro mundo. Parar y pensar. Pensar colectivamente, para encontrar la direcci\u00f3n menos lesiva y m\u00e1s justa para todos.  Que esta venga de una reflexi\u00f3n serena de qu\u00e9 es lo que se ha hecho en el pasado, qu\u00e9 se est\u00e1 haciendo en el presente, y qu\u00e9 queremos para el futuro.   <\/p><p>Este pensamiento es el que me he encontrado en la calle con el 15M.<\/p><p>Ha llegado la hora de que paremos las m\u00e1quinas, no nos conformemos y aspiremos a un mundo mejor.<\/p><\/blockquote>\n\n\n\n<hr class=\"wp-block-separator\"\/>\n\n\n\n<div class=\"wp-block-button aligncenter\"><a class=\"wp-block-button__link\" href=\"https:\/\/www.blurb.com\/b\/4253082-15m-en-madrid\">Comprar Libro 15M<\/a><\/div>\n\n\n\n<p class=\"has-text-align-right\"><strong>Libro 15M<\/strong><\/p>\n\n\n\nngg_shortcode_0_placeholder\n\n\n\n<figure class=\"wp-block-embed-vimeo aligncenter wp-block-embed is-type-video is-provider-vimeo wp-embed-aspect-16-9 wp-has-aspect-ratio\"><div class=\"wp-block-embed__wrapper\">\n<iframe loading=\"lazy\" title=\"Primer aniversario 15M. Manifestaci&amp;oacute;n del 12 de Mayo de 2012\" src=\"https:\/\/player.vimeo.com\/video\/65082958?dnt=1&amp;app_id=122963\" width=\"1200\" height=\"675\" frameborder=\"0\" allow=\"autoplay; fullscreen\" allowfullscreen><\/iframe>\n<\/div><\/figure>\n\n\n\n<figure class=\"wp-block-embed-vimeo wp-block-embed is-type-video is-provider-vimeo wp-embed-aspect-16-9 wp-has-aspect-ratio\"><div class=\"wp-block-embed__wrapper\">\n<iframe loading=\"lazy\" title=\"#13O  Madrid\" src=\"https:\/\/player.vimeo.com\/video\/53733341?dnt=1&amp;app_id=122963\" width=\"1200\" height=\"675\" frameborder=\"0\" allow=\"autoplay; fullscreen\" allowfullscreen><\/iframe>\n<\/div><\/figure>\n\n\n\n<blockquote class=\"wp-block-quote has-text-align-center is-layout-flow wp-block-quote-is-layout-flow\"><p><strong>A partir del 15M<\/strong><\/p><\/blockquote>\n\n\n\nngg_shortcode_1_placeholder\n","protected":false},"excerpt":{"rendered":"<p>Creo que otro mundo es posible. Quiero que gire en otro sentido. Pero primero hay que frenar esta inercia autodestructiva que arrastra y ciega nuestro mundo. Parar y pensar. Pensar colectivamente, para encontrar la direcci\u00f3n menos lesiva y m\u00e1s justa para todos. Que esta venga de una reflexi\u00f3n serena de qu\u00e9 es lo que se [&hellip;]<\/p>\n","protected":false},"author":1,"featured_media":0,"parent":0,"menu_order":0,"comment_status":"closed","ping_status":"closed","template":"","meta":{"ngg_post_thumbnail":0,"footnotes":""},"class_list":["post-291","page","type-page","status-publish","hentry"],"_links":{"self":[{"href":"https:\/\/balancindeblancos.com\/index.php\/wp-json\/wp\/v2\/pages\/291","targetHints":{"allow":["GET"]}}],"collection":[{"href":"https:\/\/balancindeblancos.com\/index.php\/wp-json\/wp\/v2\/pages"}],"about":[{"href":"https:\/\/balancindeblancos.com\/index.php\/wp-json\/wp\/v2\/types\/page"}],"author":[{"embeddable":true,"href":"https:\/\/balancindeblancos.com\/index.php\/wp-json\/wp\/v2\/users\/1"}],"replies":[{"embeddable":true,"href":"https:\/\/balancindeblancos.com\/index.php\/wp-json\/wp\/v2\/comments?post=291"}],"version-history":[{"count":12,"href":"https:\/\/balancindeblancos.com\/index.php\/wp-json\/wp\/v2\/pages\/291\/revisions"}],"predecessor-version":[{"id":474,"href":"https:\/\/balancindeblancos.com\/index.php\/wp-json\/wp\/v2\/pages\/291\/revisions\/474"}],"wp:attachment":[{"href":"https:\/\/balancindeblancos.com\/index.php\/wp-json\/wp\/v2\/media?parent=291"}],"curies":[{"name":"wp","href":"https:\/\/api.w.org\/{rel}","templated":true}]}}